{"id":193,"date":"2017-12-07T20:58:36","date_gmt":"2017-12-07T20:58:36","guid":{"rendered":"http:\/\/alexanderpichlmayr.com\/start\/"},"modified":"2024-02-25T09:17:53","modified_gmt":"2024-02-25T08:17:53","slug":"home","status":"publish","type":"page","link":"https:\/\/alexanderpichlmayr.com\/de\/","title":{"rendered":"Startseite"},"content":{"rendered":"<p>[et_pb_section fb_built=&#8220;1&#8243; fullwidth=&#8220;on&#8220; _builder_version=&#8220;4.16&#8243; custom_padding=&#8220;0px|0px|0px|0px&#8220; global_colors_info=&#8220;{}&#8220;][et_pb_fullwidth_slider show_arrows=&#8220;off&#8220; show_pagination=&#8220;off&#8220; module_class=&#8220;et_fullscreen_slider&#8220; _builder_version=&#8220;4.24.1&#8243; custom_padding=&#8220;250px|||&#8220; custom_padding_tablet=&#8220;100px|||&#8220; custom_padding_phone=&#8220;50px|||&#8220; custom_padding_last_edited=&#8220;on|phone&#8220; box_shadow_style=&#8220;preset6&#8243; box_shadow_blur=&#8220;10px&#8220; box_shadow_color=&#8220;rgba(0,0,0,0.1)&#8220; show_inner_shadow=&#8220;on&#8220; global_colors_info=&#8220;{}&#8220; button_text_size__hover_enabled=&#8220;off&#8220; button_one_text_size__hover_enabled=&#8220;off&#8220; button_two_text_size__hover_enabled=&#8220;off&#8220; button_text_color__hover_enabled=&#8220;off&#8220; button_one_text_color__hover_enabled=&#8220;off&#8220; button_two_text_color__hover_enabled=&#8220;off&#8220; button_border_width__hover_enabled=&#8220;off&#8220; button_one_border_width__hover_enabled=&#8220;off&#8220; button_two_border_width__hover_enabled=&#8220;off&#8220; button_border_color__hover_enabled=&#8220;off&#8220; button_one_border_color__hover_enabled=&#8220;off&#8220; button_two_border_color__hover_enabled=&#8220;off&#8220; button_border_radius__hover_enabled=&#8220;off&#8220; button_one_border_radius__hover_enabled=&#8220;off&#8220; button_two_border_radius__hover_enabled=&#8220;off&#8220; button_letter_spacing__hover_enabled=&#8220;off&#8220; button_one_letter_spacing__hover_enabled=&#8220;off&#8220; button_two_letter_spacing__hover_enabled=&#8220;off&#8220; button_bg_color__hover_enabled=&#8220;off&#8220; button_one_bg_color__hover_enabled=&#8220;off&#8220; button_two_bg_color__hover_enabled=&#8220;off&#8220;][et_pb_slide heading=&#8220;Alexander Pichlmayr&#8220; button_text=&#8220;Immobilien Makler &#8211; Costa Blanca&#8220; use_bg_overlay=&#8220;off&#8220; use_text_overlay=&#8220;off&#8220; _builder_version=&#8220;4.24.1&#8243; header_font_size=&#8220;60px&#8220; background_color=&#8220;#ffffff&#8220; background_image=&#8220;https:\/\/alexanderpichlmayr.com\/wp-content\/uploads\/2024\/02\/alexander-pichlmayr-profile-01-2024.jpg&#8220; background_enable_image=&#8220;on&#8220; background_position=&#8220;top_center&#8220; custom_button=&#8220;on&#8220; button_border_width=&#8220;0&#8243; button_border_radius=&#8220;0&#8243; button_use_icon=&#8220;off&#8220; header_font_size_tablet=&#8220;60px&#8220; header_font_size_phone=&#8220;44px&#8220; header_font_size_last_edited=&#8220;on|phone&#8220; button_border_radius_hover=&#8220;0&#8243; button_bg_color_hover=&#8220;rgba(255,255,255,0)&#8220; global_colors_info=&#8220;{}&#8220; button_text_size__hover_enabled=&#8220;off&#8220; button_one_text_size__hover_enabled=&#8220;off&#8220; button_two_text_size__hover_enabled=&#8220;off&#8220; button_text_color__hover_enabled=&#8220;off&#8220; button_one_text_color__hover_enabled=&#8220;off&#8220; button_two_text_color__hover_enabled=&#8220;off&#8220; button_border_width__hover_enabled=&#8220;off&#8220; button_one_border_width__hover_enabled=&#8220;off&#8220; button_two_border_width__hover_enabled=&#8220;off&#8220; button_border_color__hover_enabled=&#8220;off&#8220; button_one_border_color__hover_enabled=&#8220;off&#8220; button_two_border_color__hover_enabled=&#8220;off&#8220; button_border_radius__hover_enabled=&#8220;on&#8220; button_border_radius__hover=&#8220;0&#8243; button_one_border_radius__hover_enabled=&#8220;off&#8220; button_two_border_radius__hover_enabled=&#8220;off&#8220; button_letter_spacing__hover_enabled=&#8220;off&#8220; button_one_letter_spacing__hover_enabled=&#8220;off&#8220; button_two_letter_spacing__hover_enabled=&#8220;off&#8220; button_bg_color__hover_enabled=&#8220;on&#8220; button_bg_color__hover=&#8220;rgba(255,255,255,0)&#8220; button_one_bg_color__hover_enabled=&#8220;off&#8220; button_two_bg_color__hover_enabled=&#8220;off&#8220; sticky_transition=&#8220;on&#8220;][\/et_pb_slide][\/et_pb_fullwidth_slider][\/et_pb_section][et_pb_section fb_built=&#8220;1&#8243; _builder_version=&#8220;4.16&#8243; custom_padding=&#8220;83px|0px|54px|0px&#8220; global_colors_info=&#8220;{}&#8220;][et_pb_row column_structure=&#8220;1_3,2_3&#8243; _builder_version=&#8220;4.16&#8243; background_size=&#8220;initial&#8220; background_position=&#8220;top_left&#8220; background_repeat=&#8220;repeat&#8220; global_colors_info=&#8220;{}&#8220;][et_pb_column type=&#8220;1_3&#8243; _builder_version=&#8220;4.16&#8243; custom_padding=&#8220;|||&#8220; global_colors_info=&#8220;{}&#8220; custom_padding__hover=&#8220;|||&#8220;][et_pb_image src=&#8220;https:\/\/alexanderpichlmayr.com\/wp-content\/uploads\/2024\/02\/alexander-pichlmayr-profile-02-2024.jpg&#8220; alt=&#8220;Alexander Pichlmayr, Inmo Investments Real Estate S.L.&#8220; title_text=&#8220;alexander-pichlmayr-profile-02-2024&#8243; align_tablet=&#8220;center&#8220; align_phone=&#8220;&#8220; align_last_edited=&#8220;on|desktop&#8220; _builder_version=&#8220;4.24.1&#8243; global_colors_info=&#8220;{}&#8220;][\/et_pb_image][\/et_pb_column][et_pb_column type=&#8220;2_3&#8243; _builder_version=&#8220;4.16&#8243; custom_padding=&#8220;|||&#8220; global_colors_info=&#8220;{}&#8220; custom_padding__hover=&#8220;|||&#8220;][et_pb_text _builder_version=&#8220;4.16&#8243; global_colors_info=&#8220;{}&#8220;]<\/p>\n<h2>\u00dcber 20 Jahre erfolgreich in Spanien:<\/h2>\n<h2>Ihr deutscher Immobilienmakler an der Costa Blanca<\/h2>\n<p style=\"text-align: justify;\">Ich bin Alexander Pichlmayr \u2013 Ihr Immobilienberater und Inhaber der renommierten Immobilienagentur Inmo Investments in La Zenia. Gemeinsam mit meinem Team verwirkliche ich Ihren Immobilientraum an der Costa Blanca. Mein Wunsch ist es, sicherzustellen, dass Sie eine Immobilie aus unserer Region reibungslos kaufen oder verkaufen k\u00f6nnen und alle Leistungen risikofrei abgewickelt werden.<\/p>\n<p>Profitieren Sie von meiner langj\u00e4hrigen Erfahrung, den vielen pers\u00f6nlichen Kontakten in allen Branchen und meinem professionellen Team, das jederzeit f\u00fcr Sie erreichbar ist. Wir pflegen hervorragende Kontakte zu anerkannten Rechtsanw\u00e4lten, Notaren, Banken, Steuerberatern, Bautr\u00e4gern, Architekten und Experten vor Ort.<\/p>\n<p style=\"text-align: justify;\">Auf uns k\u00f6nnen Sie sich verlassen!<\/p>\n<p>&nbsp;<\/p>\n<p>[\/et_pb_text][\/et_pb_column][\/et_pb_row][\/et_pb_section]<\/p>\n","protected":false},"excerpt":{"rendered":"<p>\u00dcber 20 Jahre erfolgreich in Spanien: Ihr deutscher Immobilienmakler an der Costa Blanca Ich bin Alexander Pichlmayr \u2013 Ihr Immobilienberater und Inhaber der renommierten Immobilienagentur Inmo Investments in La Zenia. Gemeinsam mit meinem Team verwirkliche ich Ihren Immobilientraum an der Costa Blanca. Mein Wunsch ist es, sicherzustellen, dass Sie eine Immobilie aus unserer Region reibungslos [&hellip;]<\/p>\n","protected":false},"author":1,"featured_media":0,"parent":0,"menu_order":0,"comment_status":"closed","ping_status":"closed","template":"","meta":{"_et_pb_use_builder":"on","_et_pb_old_content":"","_et_gb_content_width":"","footnotes":""},"class_list":["post-193","page","type-page","status-publish","hentry"],"yoast_head":"<!-- This site is optimized with the Yoast SEO plugin v27.4 - https:\/\/yoast.com\/product\/yoast-seo-wordpress\/ -->\n<title>Immobilienmakler Costa Blanca - Alexander Pichlmayr<\/title>\n<meta name=\"description\" content=\"Alexander Pichlmayr ist erfahrener Immobilienfachmachmann in Spanien mit Schwerpunkt f\u00fcr Gebraucht und Neubau Immobilien an der Costa Blanca.\" \/>\n<meta name=\"robots\" content=\"index, follow, max-snippet:-1, max-image-preview:large, max-video-preview:-1\" \/>\n<link rel=\"canonical\" href=\"https:\/\/alexanderpichlmayr.com\/de\/\" \/>\n<meta property=\"og:locale\" content=\"de_DE\" \/>\n<meta property=\"og:type\" content=\"article\" \/>\n<meta property=\"og:title\" content=\"Immobilienmakler Costa Blanca - Alexander Pichlmayr\" \/>\n<meta property=\"og:description\" content=\"Alexander Pichlmayr ist erfahrener Immobilienfachmachmann in Spanien mit Schwerpunkt f\u00fcr Gebraucht und Neubau Immobilien an der Costa Blanca.\" \/>\n<meta property=\"og:url\" content=\"https:\/\/alexanderpichlmayr.com\/de\/\" \/>\n<meta property=\"og:site_name\" content=\"Alexander Pichlmayr\" \/>\n<meta property=\"article:publisher\" content=\"https:\/\/www.facebook.com\/alexander.pichlmayr\" \/>\n<meta property=\"article:modified_time\" content=\"2024-02-25T08:17:53+00:00\" \/>\n<meta name=\"twitter:card\" content=\"summary_large_image\" \/>\n<meta name=\"twitter:site\" content=\"@inmoinvestments\" \/>\n<meta name=\"twitter:label1\" content=\"Gesch\u00e4tzte Lesezeit\" \/>\n\t<meta name=\"twitter:data1\" content=\"1\u00a0Minute\" \/>\n<script type=\"application\/ld+json\" class=\"yoast-schema-graph\">{\"@context\":\"https:\\\/\\\/schema.org\",\"@graph\":[{\"@type\":\"WebPage\",\"@id\":\"https:\\\/\\\/alexanderpichlmayr.com\\\/de\\\/\",\"url\":\"https:\\\/\\\/alexanderpichlmayr.com\\\/de\\\/\",\"name\":\"Immobilienmakler Costa Blanca - Alexander Pichlmayr\",\"isPartOf\":{\"@id\":\"https:\\\/\\\/alexanderpichlmayr.com\\\/#website\"},\"datePublished\":\"2017-12-07T20:58:36+00:00\",\"dateModified\":\"2024-02-25T08:17:53+00:00\",\"description\":\"Alexander Pichlmayr ist erfahrener Immobilienfachmachmann in Spanien mit Schwerpunkt f\u00fcr Gebraucht und Neubau Immobilien an der Costa Blanca.\",\"breadcrumb\":{\"@id\":\"https:\\\/\\\/alexanderpichlmayr.com\\\/de\\\/#breadcrumb\"},\"inLanguage\":\"de\",\"potentialAction\":[{\"@type\":\"ReadAction\",\"target\":[\"https:\\\/\\\/alexanderpichlmayr.com\\\/de\\\/\"]}]},{\"@type\":\"BreadcrumbList\",\"@id\":\"https:\\\/\\\/alexanderpichlmayr.com\\\/de\\\/#breadcrumb\",\"itemListElement\":[{\"@type\":\"ListItem\",\"position\":1,\"name\":\"Home\",\"item\":\"https:\\\/\\\/alexanderpichlmayr.com\\\/de\\\/\"},{\"@type\":\"ListItem\",\"position\":2,\"name\":\"Startseite\"}]},{\"@type\":\"WebSite\",\"@id\":\"https:\\\/\\\/alexanderpichlmayr.com\\\/#website\",\"url\":\"https:\\\/\\\/alexanderpichlmayr.com\\\/\",\"name\":\"Alexander Pichlmayr\",\"description\":\"Your German real estate agent on the Costa Blanca, Spain\",\"publisher\":{\"@id\":\"https:\\\/\\\/alexanderpichlmayr.com\\\/#\\\/schema\\\/person\\\/94bd2fae5006f26aa031cc2229b0ef57\"},\"potentialAction\":[{\"@type\":\"SearchAction\",\"target\":{\"@type\":\"EntryPoint\",\"urlTemplate\":\"https:\\\/\\\/alexanderpichlmayr.com\\\/?s={search_term_string}\"},\"query-input\":{\"@type\":\"PropertyValueSpecification\",\"valueRequired\":true,\"valueName\":\"search_term_string\"}}],\"inLanguage\":\"de\"},{\"@type\":[\"Person\",\"Organization\"],\"@id\":\"https:\\\/\\\/alexanderpichlmayr.com\\\/#\\\/schema\\\/person\\\/94bd2fae5006f26aa031cc2229b0ef57\",\"name\":\"Alex Pichlmayr\",\"image\":{\"@type\":\"ImageObject\",\"inLanguage\":\"de\",\"@id\":\"https:\\\/\\\/alexanderpichlmayr.com\\\/wp-content\\\/uploads\\\/2019\\\/09\\\/IMG_5084_1080.jpg\",\"url\":\"https:\\\/\\\/alexanderpichlmayr.com\\\/wp-content\\\/uploads\\\/2019\\\/09\\\/IMG_5084_1080.jpg\",\"contentUrl\":\"https:\\\/\\\/alexanderpichlmayr.com\\\/wp-content\\\/uploads\\\/2019\\\/09\\\/IMG_5084_1080.jpg\",\"width\":1080,\"height\":1080,\"caption\":\"Alex Pichlmayr\"},\"logo\":{\"@id\":\"https:\\\/\\\/alexanderpichlmayr.com\\\/wp-content\\\/uploads\\\/2019\\\/09\\\/IMG_5084_1080.jpg\"},\"sameAs\":[\"https:\\\/\\\/www.facebook.com\\\/alexander.pichlmayr\",\"https:\\\/\\\/www.instagram.com\\\/alex.pmayr\\\/\",\"https:\\\/\\\/x.com\\\/inmoinvestments\",\"https:\\\/\\\/www.youtube.com\\\/user\\\/inmoinvestments\"]}]}<\/script>\n<!-- \/ Yoast SEO plugin. -->","yoast_head_json":{"title":"Immobilienmakler Costa Blanca - Alexander Pichlmayr","description":"Alexander Pichlmayr ist erfahrener Immobilienfachmachmann in Spanien mit Schwerpunkt f\u00fcr Gebraucht und Neubau Immobilien an der Costa Blanca.","robots":{"index":"index","follow":"follow","max-snippet":"max-snippet:-1","max-image-preview":"max-image-preview:large","max-video-preview":"max-video-preview:-1"},"canonical":"https:\/\/alexanderpichlmayr.com\/de\/","og_locale":"de_DE","og_type":"article","og_title":"Immobilienmakler Costa Blanca - Alexander Pichlmayr","og_description":"Alexander Pichlmayr ist erfahrener Immobilienfachmachmann in Spanien mit Schwerpunkt f\u00fcr Gebraucht und Neubau Immobilien an der Costa Blanca.","og_url":"https:\/\/alexanderpichlmayr.com\/de\/","og_site_name":"Alexander Pichlmayr","article_publisher":"https:\/\/www.facebook.com\/alexander.pichlmayr","article_modified_time":"2024-02-25T08:17:53+00:00","twitter_card":"summary_large_image","twitter_site":"@inmoinvestments","twitter_misc":{"Gesch\u00e4tzte Lesezeit":"1\u00a0Minute"},"schema":{"@context":"https:\/\/schema.org","@graph":[{"@type":"WebPage","@id":"https:\/\/alexanderpichlmayr.com\/de\/","url":"https:\/\/alexanderpichlmayr.com\/de\/","name":"Immobilienmakler Costa Blanca - Alexander Pichlmayr","isPartOf":{"@id":"https:\/\/alexanderpichlmayr.com\/#website"},"datePublished":"2017-12-07T20:58:36+00:00","dateModified":"2024-02-25T08:17:53+00:00","description":"Alexander Pichlmayr ist erfahrener Immobilienfachmachmann in Spanien mit Schwerpunkt f\u00fcr Gebraucht und Neubau Immobilien an der Costa Blanca.","breadcrumb":{"@id":"https:\/\/alexanderpichlmayr.com\/de\/#breadcrumb"},"inLanguage":"de","potentialAction":[{"@type":"ReadAction","target":["https:\/\/alexanderpichlmayr.com\/de\/"]}]},{"@type":"BreadcrumbList","@id":"https:\/\/alexanderpichlmayr.com\/de\/#breadcrumb","itemListElement":[{"@type":"ListItem","position":1,"name":"Home","item":"https:\/\/alexanderpichlmayr.com\/de\/"},{"@type":"ListItem","position":2,"name":"Startseite"}]},{"@type":"WebSite","@id":"https:\/\/alexanderpichlmayr.com\/#website","url":"https:\/\/alexanderpichlmayr.com\/","name":"Alexander Pichlmayr","description":"Your German real estate agent on the Costa Blanca, Spain","publisher":{"@id":"https:\/\/alexanderpichlmayr.com\/#\/schema\/person\/94bd2fae5006f26aa031cc2229b0ef57"},"potentialAction":[{"@type":"SearchAction","target":{"@type":"EntryPoint","urlTemplate":"https:\/\/alexanderpichlmayr.com\/?s={search_term_string}"},"query-input":{"@type":"PropertyValueSpecification","valueRequired":true,"valueName":"search_term_string"}}],"inLanguage":"de"},{"@type":["Person","Organization"],"@id":"https:\/\/alexanderpichlmayr.com\/#\/schema\/person\/94bd2fae5006f26aa031cc2229b0ef57","name":"Alex Pichlmayr","image":{"@type":"ImageObject","inLanguage":"de","@id":"https:\/\/alexanderpichlmayr.com\/wp-content\/uploads\/2019\/09\/IMG_5084_1080.jpg","url":"https:\/\/alexanderpichlmayr.com\/wp-content\/uploads\/2019\/09\/IMG_5084_1080.jpg","contentUrl":"https:\/\/alexanderpichlmayr.com\/wp-content\/uploads\/2019\/09\/IMG_5084_1080.jpg","width":1080,"height":1080,"caption":"Alex Pichlmayr"},"logo":{"@id":"https:\/\/alexanderpichlmayr.com\/wp-content\/uploads\/2019\/09\/IMG_5084_1080.jpg"},"sameAs":["https:\/\/www.facebook.com\/alexander.pichlmayr","https:\/\/www.instagram.com\/alex.pmayr\/","https:\/\/x.com\/inmoinvestments","https:\/\/www.youtube.com\/user\/inmoinvestments"]}]}},"_links":{"self":[{"href":"https:\/\/alexanderpichlmayr.com\/de\/wp-json\/wp\/v2\/pages\/193","targetHints":{"allow":["GET"]}}],"collection":[{"href":"https:\/\/alexanderpichlmayr.com\/de\/wp-json\/wp\/v2\/pages"}],"about":[{"href":"https:\/\/alexanderpichlmayr.com\/de\/wp-json\/wp\/v2\/types\/page"}],"author":[{"embeddable":true,"href":"https:\/\/alexanderpichlmayr.com\/de\/wp-json\/wp\/v2\/users\/1"}],"replies":[{"embeddable":true,"href":"https:\/\/alexanderpichlmayr.com\/de\/wp-json\/wp\/v2\/comments?post=193"}],"version-history":[{"count":5,"href":"https:\/\/alexanderpichlmayr.com\/de\/wp-json\/wp\/v2\/pages\/193\/revisions"}],"predecessor-version":[{"id":1154,"href":"https:\/\/alexanderpichlmayr.com\/de\/wp-json\/wp\/v2\/pages\/193\/revisions\/1154"}],"wp:attachment":[{"href":"https:\/\/alexanderpichlmayr.com\/de\/wp-json\/wp\/v2\/media?parent=193"}],"curies":[{"name":"wp","href":"https:\/\/api.w.org\/{rel}","templated":true}]}}