{"id":220,"date":"2018-07-03T00:55:44","date_gmt":"2018-07-03T00:55:44","guid":{"rendered":"https:\/\/alexanderpichlmayr.com\/?page_id=220"},"modified":"2024-02-25T09:00:08","modified_gmt":"2024-02-25T08:00:08","slug":"ueber-mich","status":"publish","type":"page","link":"https:\/\/alexanderpichlmayr.com\/de\/ueber-mich\/","title":{"rendered":"\u00dcber mich"},"content":{"rendered":"<p>[et_pb_section fb_built=&#8220;1&#8243; fullwidth=&#8220;on&#8220; _builder_version=&#8220;4.16&#8243; global_colors_info=&#8220;{}&#8220;][et_pb_fullwidth_slider show_arrows=&#8220;off&#8220; show_pagination=&#8220;off&#8220; _builder_version=&#8220;4.16&#8243; background_image=&#8220;https:\/\/alexanderpichlmayr.com\/wp-content\/uploads\/2018\/07\/lamata.jpg&#8220; parallax=&#8220;on&#8220; custom_padding=&#8220;|||&#8220; box_shadow_style=&#8220;preset6&#8243; box_shadow_blur=&#8220;10px&#8220; box_shadow_color=&#8220;rgba(0,0,0,0.1)&#8220; show_inner_shadow=&#8220;on&#8220; global_colors_info=&#8220;{}&#8220; button_text_size__hover_enabled=&#8220;off&#8220; button_one_text_size__hover_enabled=&#8220;off&#8220; button_two_text_size__hover_enabled=&#8220;off&#8220; button_text_color__hover_enabled=&#8220;off&#8220; button_one_text_color__hover_enabled=&#8220;off&#8220; button_two_text_color__hover_enabled=&#8220;off&#8220; button_border_width__hover_enabled=&#8220;off&#8220; button_one_border_width__hover_enabled=&#8220;off&#8220; button_two_border_width__hover_enabled=&#8220;off&#8220; button_border_color__hover_enabled=&#8220;off&#8220; button_one_border_color__hover_enabled=&#8220;off&#8220; button_two_border_color__hover_enabled=&#8220;off&#8220; button_border_radius__hover_enabled=&#8220;off&#8220; button_one_border_radius__hover_enabled=&#8220;off&#8220; button_two_border_radius__hover_enabled=&#8220;off&#8220; button_letter_spacing__hover_enabled=&#8220;off&#8220; button_one_letter_spacing__hover_enabled=&#8220;off&#8220; button_two_letter_spacing__hover_enabled=&#8220;off&#8220; button_bg_color__hover_enabled=&#8220;off&#8220; button_one_bg_color__hover_enabled=&#8220;off&#8220; button_two_bg_color__hover_enabled=&#8220;off&#8220;][et_pb_slide heading=&#8220;Alexander Pichlmayr&#8220; use_bg_overlay=&#8220;off&#8220; use_text_overlay=&#8220;off&#8220; _builder_version=&#8220;4.16&#8243; background_color=&#8220;#ffffff&#8220; button_on_hover=&#8220;on&#8220; global_colors_info=&#8220;{}&#8220; button_text_size__hover_enabled=&#8220;off&#8220; button_one_text_size__hover_enabled=&#8220;off&#8220; button_two_text_size__hover_enabled=&#8220;off&#8220; button_text_color__hover_enabled=&#8220;off&#8220; button_one_text_color__hover_enabled=&#8220;off&#8220; button_two_text_color__hover_enabled=&#8220;off&#8220; button_border_width__hover_enabled=&#8220;off&#8220; button_one_border_width__hover_enabled=&#8220;off&#8220; button_two_border_width__hover_enabled=&#8220;off&#8220; button_border_color__hover_enabled=&#8220;off&#8220; button_one_border_color__hover_enabled=&#8220;off&#8220; button_two_border_color__hover_enabled=&#8220;off&#8220; button_border_radius__hover_enabled=&#8220;off&#8220; button_one_border_radius__hover_enabled=&#8220;off&#8220; button_two_border_radius__hover_enabled=&#8220;off&#8220; button_letter_spacing__hover_enabled=&#8220;off&#8220; button_one_letter_spacing__hover_enabled=&#8220;off&#8220; button_two_letter_spacing__hover_enabled=&#8220;off&#8220; button_bg_color__hover_enabled=&#8220;off&#8220; button_one_bg_color__hover_enabled=&#8220;off&#8220; button_two_bg_color__hover_enabled=&#8220;off&#8220; sticky_transition=&#8220;on&#8220;]\u00dcber mich<br \/>\n[\/et_pb_slide][\/et_pb_fullwidth_slider][\/et_pb_section][et_pb_section fb_built=&#8220;1&#8243; _builder_version=&#8220;4.16&#8243; global_colors_info=&#8220;{}&#8220;][et_pb_row _builder_version=&#8220;4.16&#8243; background_size=&#8220;initial&#8220; background_position=&#8220;top_left&#8220; background_repeat=&#8220;repeat&#8220; global_colors_info=&#8220;{}&#8220;][et_pb_column type=&#8220;4_4&#8243; _builder_version=&#8220;4.16&#8243; custom_padding=&#8220;|||&#8220; global_colors_info=&#8220;{}&#8220; custom_padding__hover=&#8220;|||&#8220;][et_pb_text _builder_version=&#8220;4.16&#8243; background_size=&#8220;initial&#8220; background_position=&#8220;top_left&#8220; background_repeat=&#8220;repeat&#8220; global_colors_info=&#8220;{}&#8220;]<\/p>\n<h1>\u00dcber mich<\/h1>\n<h3>Ihr Immobilienberater f\u00fcr den Kauf und Verkauf von Immobilien an der Costa Blanca in Spanien.<\/h3>\n<h3>Sie wollen gern mehr \u00fcber mich erfahren? Gerne!<\/h3>\n<p><strong>Was f\u00fchrt einen waschechten Bayern an die Costa Blanca?<\/strong><br \/>Wie mein Nachname in der Tat verr\u00e4t, stamme ich aus Bayern und bin aus famili\u00e4ren Gr\u00fcnden 1997 nach Spanien ausgewandert mit dem Ziel, hier ein neues Leben aufzubauen.<\/p>\n<p><strong>Warum gerade die Costa Blanca?<\/strong><br \/>Ich mag den entspannten Lifestyle der Spanier, das mediterrane Klima und die Herzlichkeit, die einem \u00fcberall entgegenstrahlt. Die Landschaft ist traumhaft sch\u00f6n mit ihren Kontrasten zwischen wei\u00dfen Str\u00e4nden und dem blauen Meer. Jeder Ort hat seinen ganz pers\u00f6nlichen Charme.<\/p>\n<p><strong>Wie kam es, dass Sie in der Immobilienbranche in Costa Blanca t\u00e4tig wurden?<\/strong><br \/>Ich bin 2003 bei einer renommierten Firma in die Branche eingestiegen und war dort viele Jahre in leitender Position t\u00e4tig. In dieser Zeit habe ich zahlreiche Seminare besucht und 2006 meine Zertifizierung als Immobilien Diplom-Fachmann absolviert. Zur Zeit der gro\u00dfen Immobilienkrise in Spanien, 2009, habe ich das Familienunternehmen \u201eInmo Investments\u201c gegr\u00fcndet. Wir sind unter den h\u00e4rtesten Bedingungen gestartet und haben es trotzdem ganz nach oben geschafft. Ich war damals der j\u00fcngste Immobilienmakler in der Region \u2013 und heute einer der erfolgreichsten.<\/p>\n<p><strong>Warum ist das Immobiliengesch\u00e4ft genau Ihr Ding?<\/strong><br \/>Ich liebe es mit Menschen zu arbeiten, Kontakte zu kn\u00fcpfen, Freundschaften zu pflegen &#8230; und Immobilien zu verkaufen. Jeder Immobilienkauf und Immobilienverkauf hat seine eigene Story. Jedes Haus ist anders sowie auch sein neuer oder alter Besitzer eine ganz eigene Pers\u00f6nlichkeit mitbringt. Als Deutscher in Spanien bin ich der perfekte Ansprechpartner f\u00fcr meine Kunden aus Deutschland. Ich kenne m\u00f6gliche Stolpersteine, wei\u00df, wo es mit Beh\u00f6rden mal haken kann und wie man das alles zuverl\u00e4ssig und stressfrei umgeht. Als lange bestehendes Immobilienunternehmen sind wir sehr bekannt und gesch\u00e4tzt \u2013 das ist ein enormer Vorteil. Vor allem f\u00fcr meine Kunden.<\/p>\n<p><strong>Machen Sie das alles ganz alleine?<\/strong><br \/>Nein, das schaffe ich heute nicht mehr. Wir haben st\u00e4ndig um die 700 Immobilien im Portfolio und ich will meinen Kunden einen ganz pers\u00f6nlichen und exklusiven Service rund um die Uhr und an jeder Stelle im Prozess gew\u00e4hrleisten. Angefangen bei der Abwicklung des Verkauf-\/Kaufprozesses, den ersten Kontakten, Beratung und Beschaffung notwendiger Dokumente bis zur Schl\u00fcssel\u00fcbergabe und dar\u00fcber hinaus. Das schaffe ich mit meinem Team aus mehreren exzellenten mitarbeitern. Gemeinsam decken wir \u00fcber 8 Sprachen ab und k\u00f6nnen nahezu alle Kunden aus dem Ausland hervorragend bedienen.<\/p>\n<p><strong>Wie sehen Sie die Zukunft?<\/strong><br \/>Die Costa Blanca entwickelt sich immer mehr zu einer der Top Adressen Spaniens. Die niedrigen Lebenshaltungskosten, die verlockenden Events und sch\u00f6ne Locations sowie die herrlichen Immobilien in traumhaften Landschaften und toller Nachbarschaft ziehen immer mehr Auswanderungsfreudige magnetisch an und bieten eine kosteng\u00fcnstige Alternative zu Mallorca.<\/p>\n<p>[\/et_pb_text][\/et_pb_column][\/et_pb_row][\/et_pb_section]<\/p>\n","protected":false},"excerpt":{"rendered":"<p>\u00dcber mich \u00dcber mich Ihr Immobilienberater f\u00fcr den Kauf und Verkauf von Immobilien an der Costa Blanca in Spanien. Sie wollen gern mehr \u00fcber mich erfahren? Gerne! Was f\u00fchrt einen waschechten Bayern an die Costa Blanca?Wie mein Nachname in der Tat verr\u00e4t, stamme ich aus Bayern und bin aus famili\u00e4ren Gr\u00fcnden 1997 nach Spanien ausgewandert [&hellip;]<\/p>\n","protected":false},"author":2,"featured_media":0,"parent":0,"menu_order":0,"comment_status":"closed","ping_status":"closed","template":"","meta":{"_et_pb_use_builder":"on","_et_pb_old_content":"","_et_gb_content_width":"","footnotes":""},"class_list":["post-220","page","type-page","status-publish","hentry"],"yoast_head":"<!-- This site is optimized with the Yoast SEO plugin v27.4 - https:\/\/yoast.com\/product\/yoast-seo-wordpress\/ -->\n<title>\u00dcber mich - Alexander Pichlmayr<\/title>\n<meta name=\"description\" content=\"Ihr Immobilienberater f\u00fcr den Kauf und Verkauf von Immobilien an der Costa Blanca in Spanien.Sie wollen gern mehr \u00fcber mich erfahren? Gerne!\" \/>\n<meta name=\"robots\" content=\"index, follow, max-snippet:-1, max-image-preview:large, max-video-preview:-1\" \/>\n<link rel=\"canonical\" href=\"https:\/\/alexanderpichlmayr.com\/de\/ueber-mich\/\" \/>\n<meta property=\"og:locale\" content=\"de_DE\" \/>\n<meta property=\"og:type\" content=\"article\" \/>\n<meta property=\"og:title\" content=\"\u00dcber mich - Alexander Pichlmayr\" \/>\n<meta property=\"og:description\" content=\"Ihr Immobilienberater f\u00fcr den Kauf und Verkauf von Immobilien an der Costa Blanca in Spanien.Sie wollen gern mehr \u00fcber mich erfahren? Gerne!\" \/>\n<meta property=\"og:url\" content=\"https:\/\/alexanderpichlmayr.com\/de\/ueber-mich\/\" \/>\n<meta property=\"og:site_name\" content=\"Alexander Pichlmayr\" \/>\n<meta property=\"article:publisher\" content=\"https:\/\/www.facebook.com\/alexander.pichlmayr\" \/>\n<meta property=\"article:modified_time\" content=\"2024-02-25T08:00:08+00:00\" \/>\n<meta name=\"twitter:card\" content=\"summary_large_image\" \/>\n<meta name=\"twitter:site\" content=\"@inmoinvestments\" \/>\n<meta name=\"twitter:label1\" content=\"Gesch\u00e4tzte Lesezeit\" \/>\n\t<meta name=\"twitter:data1\" content=\"2\u00a0Minuten\" \/>\n<script type=\"application\/ld+json\" class=\"yoast-schema-graph\">{\"@context\":\"https:\\\/\\\/schema.org\",\"@graph\":[{\"@type\":\"WebPage\",\"@id\":\"https:\\\/\\\/alexanderpichlmayr.com\\\/de\\\/ueber-mich\\\/\",\"url\":\"https:\\\/\\\/alexanderpichlmayr.com\\\/de\\\/ueber-mich\\\/\",\"name\":\"\u00dcber mich - Alexander Pichlmayr\",\"isPartOf\":{\"@id\":\"https:\\\/\\\/alexanderpichlmayr.com\\\/#website\"},\"datePublished\":\"2018-07-03T00:55:44+00:00\",\"dateModified\":\"2024-02-25T08:00:08+00:00\",\"description\":\"Ihr Immobilienberater f\u00fcr den Kauf und Verkauf von Immobilien an der Costa Blanca in Spanien.Sie wollen gern mehr \u00fcber mich erfahren? Gerne!\",\"breadcrumb\":{\"@id\":\"https:\\\/\\\/alexanderpichlmayr.com\\\/de\\\/ueber-mich\\\/#breadcrumb\"},\"inLanguage\":\"de\",\"potentialAction\":[{\"@type\":\"ReadAction\",\"target\":[\"https:\\\/\\\/alexanderpichlmayr.com\\\/de\\\/ueber-mich\\\/\"]}]},{\"@type\":\"BreadcrumbList\",\"@id\":\"https:\\\/\\\/alexanderpichlmayr.com\\\/de\\\/ueber-mich\\\/#breadcrumb\",\"itemListElement\":[{\"@type\":\"ListItem\",\"position\":1,\"name\":\"Home\",\"item\":\"https:\\\/\\\/alexanderpichlmayr.com\\\/de\\\/\"},{\"@type\":\"ListItem\",\"position\":2,\"name\":\"\u00dcber mich\"}]},{\"@type\":\"WebSite\",\"@id\":\"https:\\\/\\\/alexanderpichlmayr.com\\\/#website\",\"url\":\"https:\\\/\\\/alexanderpichlmayr.com\\\/\",\"name\":\"Alexander Pichlmayr\",\"description\":\"Your German real estate agent on the Costa Blanca, Spain\",\"publisher\":{\"@id\":\"https:\\\/\\\/alexanderpichlmayr.com\\\/#\\\/schema\\\/person\\\/94bd2fae5006f26aa031cc2229b0ef57\"},\"potentialAction\":[{\"@type\":\"SearchAction\",\"target\":{\"@type\":\"EntryPoint\",\"urlTemplate\":\"https:\\\/\\\/alexanderpichlmayr.com\\\/?s={search_term_string}\"},\"query-input\":{\"@type\":\"PropertyValueSpecification\",\"valueRequired\":true,\"valueName\":\"search_term_string\"}}],\"inLanguage\":\"de\"},{\"@type\":[\"Person\",\"Organization\"],\"@id\":\"https:\\\/\\\/alexanderpichlmayr.com\\\/#\\\/schema\\\/person\\\/94bd2fae5006f26aa031cc2229b0ef57\",\"name\":\"Alex Pichlmayr\",\"image\":{\"@type\":\"ImageObject\",\"inLanguage\":\"de\",\"@id\":\"https:\\\/\\\/alexanderpichlmayr.com\\\/wp-content\\\/uploads\\\/2019\\\/09\\\/IMG_5084_1080.jpg\",\"url\":\"https:\\\/\\\/alexanderpichlmayr.com\\\/wp-content\\\/uploads\\\/2019\\\/09\\\/IMG_5084_1080.jpg\",\"contentUrl\":\"https:\\\/\\\/alexanderpichlmayr.com\\\/wp-content\\\/uploads\\\/2019\\\/09\\\/IMG_5084_1080.jpg\",\"width\":1080,\"height\":1080,\"caption\":\"Alex Pichlmayr\"},\"logo\":{\"@id\":\"https:\\\/\\\/alexanderpichlmayr.com\\\/wp-content\\\/uploads\\\/2019\\\/09\\\/IMG_5084_1080.jpg\"},\"sameAs\":[\"https:\\\/\\\/www.facebook.com\\\/alexander.pichlmayr\",\"https:\\\/\\\/www.instagram.com\\\/alex.pmayr\\\/\",\"https:\\\/\\\/x.com\\\/inmoinvestments\",\"https:\\\/\\\/www.youtube.com\\\/user\\\/inmoinvestments\"]}]}<\/script>\n<!-- \/ Yoast SEO plugin. -->","yoast_head_json":{"title":"\u00dcber mich - Alexander Pichlmayr","description":"Ihr Immobilienberater f\u00fcr den Kauf und Verkauf von Immobilien an der Costa Blanca in Spanien.Sie wollen gern mehr \u00fcber mich erfahren? Gerne!","robots":{"index":"index","follow":"follow","max-snippet":"max-snippet:-1","max-image-preview":"max-image-preview:large","max-video-preview":"max-video-preview:-1"},"canonical":"https:\/\/alexanderpichlmayr.com\/de\/ueber-mich\/","og_locale":"de_DE","og_type":"article","og_title":"\u00dcber mich - Alexander Pichlmayr","og_description":"Ihr Immobilienberater f\u00fcr den Kauf und Verkauf von Immobilien an der Costa Blanca in Spanien.Sie wollen gern mehr \u00fcber mich erfahren? Gerne!","og_url":"https:\/\/alexanderpichlmayr.com\/de\/ueber-mich\/","og_site_name":"Alexander Pichlmayr","article_publisher":"https:\/\/www.facebook.com\/alexander.pichlmayr","article_modified_time":"2024-02-25T08:00:08+00:00","twitter_card":"summary_large_image","twitter_site":"@inmoinvestments","twitter_misc":{"Gesch\u00e4tzte Lesezeit":"2\u00a0Minuten"},"schema":{"@context":"https:\/\/schema.org","@graph":[{"@type":"WebPage","@id":"https:\/\/alexanderpichlmayr.com\/de\/ueber-mich\/","url":"https:\/\/alexanderpichlmayr.com\/de\/ueber-mich\/","name":"\u00dcber mich - Alexander Pichlmayr","isPartOf":{"@id":"https:\/\/alexanderpichlmayr.com\/#website"},"datePublished":"2018-07-03T00:55:44+00:00","dateModified":"2024-02-25T08:00:08+00:00","description":"Ihr Immobilienberater f\u00fcr den Kauf und Verkauf von Immobilien an der Costa Blanca in Spanien.Sie wollen gern mehr \u00fcber mich erfahren? Gerne!","breadcrumb":{"@id":"https:\/\/alexanderpichlmayr.com\/de\/ueber-mich\/#breadcrumb"},"inLanguage":"de","potentialAction":[{"@type":"ReadAction","target":["https:\/\/alexanderpichlmayr.com\/de\/ueber-mich\/"]}]},{"@type":"BreadcrumbList","@id":"https:\/\/alexanderpichlmayr.com\/de\/ueber-mich\/#breadcrumb","itemListElement":[{"@type":"ListItem","position":1,"name":"Home","item":"https:\/\/alexanderpichlmayr.com\/de\/"},{"@type":"ListItem","position":2,"name":"\u00dcber mich"}]},{"@type":"WebSite","@id":"https:\/\/alexanderpichlmayr.com\/#website","url":"https:\/\/alexanderpichlmayr.com\/","name":"Alexander Pichlmayr","description":"Your German real estate agent on the Costa Blanca, Spain","publisher":{"@id":"https:\/\/alexanderpichlmayr.com\/#\/schema\/person\/94bd2fae5006f26aa031cc2229b0ef57"},"potentialAction":[{"@type":"SearchAction","target":{"@type":"EntryPoint","urlTemplate":"https:\/\/alexanderpichlmayr.com\/?s={search_term_string}"},"query-input":{"@type":"PropertyValueSpecification","valueRequired":true,"valueName":"search_term_string"}}],"inLanguage":"de"},{"@type":["Person","Organization"],"@id":"https:\/\/alexanderpichlmayr.com\/#\/schema\/person\/94bd2fae5006f26aa031cc2229b0ef57","name":"Alex Pichlmayr","image":{"@type":"ImageObject","inLanguage":"de","@id":"https:\/\/alexanderpichlmayr.com\/wp-content\/uploads\/2019\/09\/IMG_5084_1080.jpg","url":"https:\/\/alexanderpichlmayr.com\/wp-content\/uploads\/2019\/09\/IMG_5084_1080.jpg","contentUrl":"https:\/\/alexanderpichlmayr.com\/wp-content\/uploads\/2019\/09\/IMG_5084_1080.jpg","width":1080,"height":1080,"caption":"Alex Pichlmayr"},"logo":{"@id":"https:\/\/alexanderpichlmayr.com\/wp-content\/uploads\/2019\/09\/IMG_5084_1080.jpg"},"sameAs":["https:\/\/www.facebook.com\/alexander.pichlmayr","https:\/\/www.instagram.com\/alex.pmayr\/","https:\/\/x.com\/inmoinvestments","https:\/\/www.youtube.com\/user\/inmoinvestments"]}]}},"_links":{"self":[{"href":"https:\/\/alexanderpichlmayr.com\/de\/wp-json\/wp\/v2\/pages\/220","targetHints":{"allow":["GET"]}}],"collection":[{"href":"https:\/\/alexanderpichlmayr.com\/de\/wp-json\/wp\/v2\/pages"}],"about":[{"href":"https:\/\/alexanderpichlmayr.com\/de\/wp-json\/wp\/v2\/types\/page"}],"author":[{"embeddable":true,"href":"https:\/\/alexanderpichlmayr.com\/de\/wp-json\/wp\/v2\/users\/2"}],"replies":[{"embeddable":true,"href":"https:\/\/alexanderpichlmayr.com\/de\/wp-json\/wp\/v2\/comments?post=220"}],"version-history":[{"count":5,"href":"https:\/\/alexanderpichlmayr.com\/de\/wp-json\/wp\/v2\/pages\/220\/revisions"}],"predecessor-version":[{"id":1142,"href":"https:\/\/alexanderpichlmayr.com\/de\/wp-json\/wp\/v2\/pages\/220\/revisions\/1142"}],"wp:attachment":[{"href":"https:\/\/alexanderpichlmayr.com\/de\/wp-json\/wp\/v2\/media?parent=220"}],"curies":[{"name":"wp","href":"https:\/\/api.w.org\/{rel}","templated":true}]}}