{"id":708,"date":"2017-12-07T20:39:18","date_gmt":"2017-12-07T20:39:18","guid":{"rendered":"https:\/\/alexanderpichlmayr.com\/testimonials\/"},"modified":"2024-02-25T12:35:36","modified_gmt":"2024-02-25T11:35:36","slug":"kundenreferenzen","status":"publish","type":"page","link":"https:\/\/alexanderpichlmayr.com\/de\/kundenreferenzen\/","title":{"rendered":"Kundenreferenzen"},"content":{"rendered":"<p>[et_pb_section fb_built=&#8220;1&#8243; fullwidth=&#8220;on&#8220; _builder_version=&#8220;4.16&#8243; custom_padding=&#8220;0px|0px|0|0px|false|false&#8220; global_colors_info=&#8220;{}&#8220;][et_pb_fullwidth_code _builder_version=&#8220;4.24.1&#8243; hover_enabled=&#8220;0&#8243; global_colors_info=&#8220;{}&#8220; sticky_enabled=&#8220;0&#8243;]<iframe loading=\"lazy\" width=\"1197\" height=\"683\" src=\"https:\/\/www.youtube.com\/embed\/yYf1Sl34xxo\" frameborder=\"0\" allow=\"autoplay; encrypted-media\" allowfullscreen><\/iframe>[\/et_pb_fullwidth_code][\/et_pb_section][et_pb_section fb_built=&#8220;1&#8243; admin_label=&#8220;Latest Work Section&#8220; _builder_version=&#8220;4.16&#8243; background_color=&#8220;#ffffff&#8220; custom_padding=&#8220;23px||5px||false|false&#8220; global_colors_info=&#8220;{}&#8220;][et_pb_row admin_label=&#8220;Service Section Title&#8220; _builder_version=&#8220;4.16&#8243; custom_margin=&#8220;||40px|&#8220; animation_style=&#8220;fade&#8220; animation_direction=&#8220;top&#8220; saved_tabs=&#8220;all&#8220; global_colors_info=&#8220;{}&#8220;][et_pb_column type=&#8220;4_4&#8243; _builder_version=&#8220;4.16&#8243; custom_padding=&#8220;|||&#8220; global_colors_info=&#8220;{}&#8220; custom_padding__hover=&#8220;|||&#8220;][et_pb_text admin_label=&#8220;Title&#8220; _builder_version=&#8220;4.16&#8243; text_font=&#8220;Montserrat||||||||&#8220; text_text_color=&#8220;#747d88&#8243; text_font_size=&#8220;16px&#8220; text_line_height=&#8220;1.9em&#8220; header_font=&#8220;||||||||&#8220; header_2_font=&#8220;Montserrat|700||on|||||&#8220; header_2_font_size=&#8220;42px&#8220; header_2_line_height=&#8220;1.3em&#8220; text_orientation=&#8220;center&#8220; max_width=&#8220;700px&#8220; module_alignment=&#8220;center&#8220; animation_style=&#8220;slide&#8220; animation_direction=&#8220;bottom&#8220; animation_intensity_slide=&#8220;4%&#8220; global_colors_info=&#8220;{}&#8220;]<\/p>\n<h2>KUNDENREFERENZEN<\/h2>\n<p>[\/et_pb_text][et_pb_text admin_label=&#8220;Subtitle&#8220; _builder_version=&#8220;4.16&#8243; text_font=&#8220;Montserrat||||&#8220; text_text_color=&#8220;#747d88&#8243; text_font_size=&#8220;16px&#8220; text_line_height=&#8220;1.8em&#8220; header_font=&#8220;||||||||&#8220; text_orientation=&#8220;center&#8220; max_width=&#8220;700px&#8220; module_alignment=&#8220;center&#8220; custom_margin=&#8220;|||&#8220; animation_style=&#8220;slide&#8220; animation_direction=&#8220;bottom&#8220; animation_delay=&#8220;100ms&#8220; animation_intensity_slide=&#8220;4%&#8220; global_colors_info=&#8220;{}&#8220;]<\/p>\n<p>Seit mehr als 20 Jahren helfe ich Immobilienk\u00e4ufern ihre perfekte Immobilie in Spanien zu finden. Finden Sie heraus, was die Leute \u00fcber meine immobilienmakler sagen.<\/p>\n<p>[\/et_pb_text][et_pb_button button_url=&#8220;https:\/\/inmoinvestments.com\/de\/nachrichten\/kategorie\/8\/kundenreferenzen\/&#8220; url_new_window=&#8220;on&#8220; button_text=&#8220;ALLE MEINE KUNDENREFERENZEN&#8220; button_alignment=&#8220;center&#8220; _builder_version=&#8220;4.24.1&#8243; custom_button=&#8220;on&#8220; button_font=&#8220;||||||||&#8220; hover_enabled=&#8220;0&#8243; button_bg_color_hover=&#8220;#f9b123&#8243; global_colors_info=&#8220;{}&#8220; button_text_size__hover_enabled=&#8220;off&#8220; button_one_text_size__hover_enabled=&#8220;off&#8220; button_two_text_size__hover_enabled=&#8220;off&#8220; button_text_color__hover_enabled=&#8220;off&#8220; button_one_text_color__hover_enabled=&#8220;off&#8220; button_two_text_color__hover_enabled=&#8220;off&#8220; button_border_width__hover_enabled=&#8220;off&#8220; button_one_border_width__hover_enabled=&#8220;off&#8220; button_two_border_width__hover_enabled=&#8220;off&#8220; button_border_color__hover_enabled=&#8220;off&#8220; button_one_border_color__hover_enabled=&#8220;off&#8220; button_two_border_color__hover_enabled=&#8220;off&#8220; button_border_radius__hover_enabled=&#8220;off&#8220; button_one_border_radius__hover_enabled=&#8220;off&#8220; button_two_border_radius__hover_enabled=&#8220;off&#8220; button_letter_spacing__hover_enabled=&#8220;off&#8220; button_one_letter_spacing__hover_enabled=&#8220;off&#8220; button_two_letter_spacing__hover_enabled=&#8220;off&#8220; button_bg_color__hover_enabled=&#8220;on&#8220; button_bg_color__hover=&#8220;#f9b123&#8243; button_one_bg_color__hover_enabled=&#8220;off&#8220; button_two_bg_color__hover_enabled=&#8220;off&#8220; sticky_enabled=&#8220;0&#8243;][\/et_pb_button][\/et_pb_column][\/et_pb_row][\/et_pb_section][et_pb_section fb_built=&#8220;1&#8243; admin_label=&#8220;Hero&#8220; _builder_version=&#8220;4.16&#8243; custom_padding=&#8220;0px|0px|0px|0px&#8220; animation_style=&#8220;zoom&#8220; animation_intensity_zoom=&#8220;4%&#8220; global_colors_info=&#8220;{}&#8220;][et_pb_row column_structure=&#8220;1_2,1_2&#8243; use_custom_gutter=&#8220;on&#8220; gutter_width=&#8220;1&#8243; make_equal=&#8220;on&#8220; module_class=&#8220; et_pb_row_fullwidth&#8220; _builder_version=&#8220;4.24.1&#8243; background_color=&#8220;#183860&#8243; background_image=&#8220;https:\/\/alexanderpichlmayr.com\/wp-content\/uploads\/2018\/09\/background-texture.jpg&#8220; background_blend=&#8220;multiply&#8220; width=&#8220;100%&#8220; width_tablet=&#8220;100%&#8220; width_phone=&#8220;&#8220; width_last_edited=&#8220;on|desktop&#8220; max_width=&#8220;100%&#8220; max_width_tablet=&#8220;100%&#8220; max_width_phone=&#8220;&#8220; max_width_last_edited=&#8220;on|desktop&#8220; custom_padding=&#8220;0px||0px|&#8220; animation_style=&#8220;slide&#8220; animation_direction=&#8220;top&#8220; animation_intensity_slide=&#8220;3%&#8220; hover_enabled=&#8220;0&#8243; make_fullwidth=&#8220;on&#8220; global_colors_info=&#8220;{}&#8220; sticky_enabled=&#8220;0&#8243;][et_pb_column type=&#8220;1_2&#8243; _builder_version=&#8220;4.16&#8243; custom_padding=&#8220;10%|8%|10%|8%&#8220; global_colors_info=&#8220;{}&#8220; custom_padding__hover=&#8220;|||&#8220;][et_pb_text _builder_version=&#8220;4.24.1&#8243; text_font=&#8220;Montserrat|500||on|||||&#8220; text_text_color=&#8220;#353740&#8243; text_font_size=&#8220;16px&#8220; text_letter_spacing=&#8220;3px&#8220; custom_margin=&#8220;||45px|&#8220; animation_style=&#8220;slide&#8220; animation_direction=&#8220;bottom&#8220; hover_enabled=&#8220;0&#8243; locked=&#8220;off&#8220; global_colors_info=&#8220;{}&#8220; sticky_enabled=&#8220;0&#8243;]<\/p>\n<p><span style=\"color: #f9b123;\">LORRAINE UND DOUGLAS<\/span><\/p>\n<p>[\/et_pb_text][et_pb_text _builder_version=&#8220;4.16&#8243; text_font=&#8220;||||||||&#8220; header_font=&#8220;Montserrat|700||on|||||&#8220; header_text_color=&#8220;#f7f7f7&#8243; header_font_size=&#8220;60px&#8220; header_line_height=&#8220;1.3em&#8220; custom_margin=&#8220;||40px|&#8220; animation_style=&#8220;fade&#8220; header_font_size_last_edited=&#8220;off|desktop&#8220; locked=&#8220;off&#8220; global_colors_info=&#8220;{}&#8220;]<\/p>\n<h1>ORIHUELA<br \/>\n<span style=\"color: #f9b123;\">COSTA<\/span><\/h1>\n<p>[\/et_pb_text][et_pb_text _builder_version=&#8220;4.16&#8243; text_font=&#8220;Montserrat||||&#8220; text_text_color=&#8220;#353740&#8243; text_font_size=&#8220;20px&#8220; text_line_height=&#8220;1.8em&#8220; header_font=&#8220;||||||||&#8220; custom_margin=&#8220;||50px|&#8220; animation_style=&#8220;slide&#8220; animation_direction=&#8220;top&#8220; animation_intensity_slide=&#8220;17%&#8220; locked=&#8220;off&#8220; global_colors_info=&#8220;{}&#8220;]<\/p>\n<p><span style=\"color: #ffffff;\">Unsere neuesten Immobilienk\u00e4ufer im Ausland haben das Zuhause ihrer Tr\u00e4ume gefunden, eine ger\u00e4umige freistehende Villa. Nachdem sie ihre Schl\u00fcssel abgeholt haben, k\u00f6nnen sich Lorraine und Douglas zur\u00fccklehnen, entspannen und ihr neues Zuhause in Playa Flamenca genie\u00dfen.<\/span><\/p>\n<p>[\/et_pb_text][\/et_pb_column][et_pb_column type=&#8220;1_2&#8243; _builder_version=&#8220;4.24.1&#8243; background_image=&#8220;https:\/\/alexanderpichlmayr.com\/wp-content\/uploads\/2024\/02\/clients-testimonials-la-zenia-orihuela-costa-01.jpg&#8220; custom_padding=&#8220;|||&#8220; hover_enabled=&#8220;0&#8243; global_colors_info=&#8220;{}&#8220; custom_padding__hover=&#8220;|||&#8220; title_text=&#8220;clients-testimonials-la-zenia-orihuela-costa-01&#8243; sticky_enabled=&#8220;0&#8243;][\/et_pb_column][\/et_pb_row][\/et_pb_section][et_pb_section fb_built=&#8220;1&#8243; admin_label=&#8220;Hero&#8220; _builder_version=&#8220;4.24.1&#8243; custom_padding=&#8220;0px|0px|0px|0px&#8220; animation_style=&#8220;zoom&#8220; animation_intensity_zoom=&#8220;4%&#8220; hover_enabled=&#8220;0&#8243; global_colors_info=&#8220;{}&#8220; sticky_enabled=&#8220;0&#8243;][et_pb_row column_structure=&#8220;1_2,1_2&#8243; use_custom_gutter=&#8220;on&#8220; gutter_width=&#8220;1&#8243; make_equal=&#8220;on&#8220; module_class=&#8220; et_pb_row_fullwidth&#8220; _builder_version=&#8220;4.24.1&#8243; background_color=&#8220;#f9b223&#8243; background_image=&#8220;https:\/\/alexanderpichlmayr.com\/wp-content\/uploads\/2018\/09\/background-texture.jpg&#8220; background_blend=&#8220;multiply&#8220; width=&#8220;100%&#8220; width_tablet=&#8220;100%&#8220; width_phone=&#8220;&#8220; width_last_edited=&#8220;on|desktop&#8220; max_width=&#8220;100%&#8220; max_width_tablet=&#8220;100%&#8220; max_width_phone=&#8220;&#8220; max_width_last_edited=&#8220;on|desktop&#8220; module_alignment=&#8220;left&#8220; custom_padding=&#8220;0px||0px|&#8220; animation_style=&#8220;slide&#8220; animation_direction=&#8220;top&#8220; animation_intensity_slide=&#8220;3%&#8220; hover_enabled=&#8220;0&#8243; make_fullwidth=&#8220;on&#8220; global_colors_info=&#8220;{}&#8220; sticky_enabled=&#8220;0&#8243;][et_pb_column type=&#8220;1_2&#8243; _builder_version=&#8220;4.16&#8243; custom_padding=&#8220;10%|8%|10%|8%&#8220; hover_enabled=&#8220;0&#8243; global_colors_info=&#8220;{}&#8220; custom_padding__hover=&#8220;|||&#8220; sticky_enabled=&#8220;0&#8243;][et_pb_text _builder_version=&#8220;4.24.1&#8243; text_font=&#8220;Montserrat|500||on|||||&#8220; text_text_color=&#8220;#353740&#8243; text_font_size=&#8220;16px&#8220; text_letter_spacing=&#8220;3px&#8220; custom_margin=&#8220;||45px|&#8220; animation_style=&#8220;slide&#8220; animation_direction=&#8220;bottom&#8220; hover_enabled=&#8220;0&#8243; locked=&#8220;off&#8220; global_colors_info=&#8220;{}&#8220; sticky_enabled=&#8220;0&#8243;]<\/p>\n<p>VERA UND NICOLAE<\/p>\n<p>[\/et_pb_text][et_pb_text _builder_version=&#8220;4.16&#8243; text_font=&#8220;||||||||&#8220; header_font=&#8220;Montserrat|700||on|||||&#8220; header_text_color=&#8220;#f7f7f7&#8243; header_font_size=&#8220;60px&#8220; header_line_height=&#8220;1.3em&#8220; custom_margin=&#8220;||40px|&#8220; animation_style=&#8220;fade&#8220; header_font_size_last_edited=&#8220;off|desktop&#8220; locked=&#8220;off&#8220; global_colors_info=&#8220;{}&#8220;]<\/p>\n<h1>LOMAS DE<br \/><span style=\"color: #183860;\">CABO ROIG<\/span><\/h1>\n<p>[\/et_pb_text][et_pb_text _builder_version=&#8220;4.16&#8243; text_font=&#8220;Montserrat||||&#8220; text_text_color=&#8220;#353740&#8243; text_font_size=&#8220;20px&#8220; text_line_height=&#8220;1.8em&#8220; header_font=&#8220;||||||||&#8220; custom_margin=&#8220;||50px|&#8220; animation_style=&#8220;slide&#8220; animation_direction=&#8220;top&#8220; animation_intensity_slide=&#8220;17%&#8220; locked=&#8220;off&#8220; global_colors_info=&#8220;{}&#8220;]<\/p>\n<p><span style=\"color: #232323;\">Unsere neuesten Immobilienk\u00e4ufer im Ausland haben gerade eine Wohnung gekauft. Es eignet sich zu jeder Jahreszeit perfekt f\u00fcr einen kurzen Wochenendurlaub oder einen l\u00e4ngeren Urlaub in diesem Teil der Orihuela Costa.<\/span><\/p>\n<p>[\/et_pb_text][\/et_pb_column][et_pb_column type=&#8220;1_2&#8243; _builder_version=&#8220;4.24.1&#8243; background_image=&#8220;https:\/\/alexanderpichlmayr.com\/wp-content\/uploads\/2024\/02\/clients-testimonials-la-zenia-orihuela-costa-02.jpg&#8220; custom_padding=&#8220;|||&#8220; hover_enabled=&#8220;0&#8243; global_colors_info=&#8220;{}&#8220; custom_padding__hover=&#8220;|||&#8220; title_text=&#8220;clients-testimonials-la-zenia-orihuela-costa-02&#8243; sticky_enabled=&#8220;0&#8243;][\/et_pb_column][\/et_pb_row][et_pb_row _builder_version=&#8220;4.16&#8243; custom_padding=&#8220;50px|0px|50px|0px|false|false&#8220; global_colors_info=&#8220;{}&#8220;][et_pb_column type=&#8220;4_4&#8243; _builder_version=&#8220;4.16&#8243; custom_padding=&#8220;|||&#8220; global_colors_info=&#8220;{}&#8220; custom_padding__hover=&#8220;|||&#8220;][et_pb_button button_url=&#8220;https:\/\/inmoinvestments.com\/de\/nachrichten\/kategorie\/8\/kundenreferenzen\/&#8220; url_new_window=&#8220;on&#8220; button_text=&#8220;ALLE MEINE KUNDENREFERENZEN&#8220; button_alignment=&#8220;center&#8220; _builder_version=&#8220;4.16&#8243; custom_button=&#8220;on&#8220; button_bg_color=&#8220;#f9b123&#8243; button_font=&#8220;||||||||&#8220; button_border_color_hover=&#8220;#183860&#8243; button_bg_color_hover=&#8220;#ffffff&#8220; global_colors_info=&#8220;{}&#8220; button_text_size__hover_enabled=&#8220;off&#8220; button_one_text_size__hover_enabled=&#8220;off&#8220; button_two_text_size__hover_enabled=&#8220;off&#8220; button_text_color__hover_enabled=&#8220;off&#8220; button_one_text_color__hover_enabled=&#8220;off&#8220; button_two_text_color__hover_enabled=&#8220;off&#8220; button_border_width__hover_enabled=&#8220;off&#8220; button_one_border_width__hover_enabled=&#8220;off&#8220; button_two_border_width__hover_enabled=&#8220;off&#8220; button_border_color__hover_enabled=&#8220;on&#8220; button_border_color__hover=&#8220;#183860&#8243; button_one_border_color__hover_enabled=&#8220;off&#8220; button_two_border_color__hover_enabled=&#8220;off&#8220; button_border_radius__hover_enabled=&#8220;off&#8220; button_one_border_radius__hover_enabled=&#8220;off&#8220; button_two_border_radius__hover_enabled=&#8220;off&#8220; button_letter_spacing__hover_enabled=&#8220;off&#8220; button_one_letter_spacing__hover_enabled=&#8220;off&#8220; button_two_letter_spacing__hover_enabled=&#8220;off&#8220; button_bg_color__hover_enabled=&#8220;on&#8220; button_bg_color__hover=&#8220;#ffffff&#8220; button_one_bg_color__hover_enabled=&#8220;off&#8220; button_two_bg_color__hover_enabled=&#8220;off&#8220;][\/et_pb_button][\/et_pb_column][\/et_pb_row][\/et_pb_section]<\/p>\n","protected":false},"excerpt":{"rendered":"<p>KUNDENREFERENZENSeit mehr als 20 Jahren helfe ich Immobilienk\u00e4ufern ihre perfekte Immobilie in Spanien zu finden. Finden Sie heraus, was die Leute \u00fcber meine immobilienmakler sagen.LORRAINE UND DOUGLASORIHUELA COSTA Unsere neuesten Immobilienk\u00e4ufer im Ausland haben das Zuhause ihrer Tr\u00e4ume gefunden, eine ger\u00e4umige freistehende Villa. Nachdem sie ihre Schl\u00fcssel abgeholt haben, k\u00f6nnen sich Lorraine und Douglas zur\u00fccklehnen, [&hellip;]<\/p>\n","protected":false},"author":1,"featured_media":0,"parent":0,"menu_order":0,"comment_status":"closed","ping_status":"closed","template":"","meta":{"_et_pb_use_builder":"on","_et_pb_old_content":"","_et_gb_content_width":"","footnotes":""},"class_list":["post-708","page","type-page","status-publish","hentry"],"yoast_head":"<!-- This site is optimized with the Yoast SEO plugin v27.4 - https:\/\/yoast.com\/product\/yoast-seo-wordpress\/ -->\n<title>Kundenreferenzen - Alexander Pichlmayr<\/title>\n<meta name=\"description\" content=\"Lesen Sie die Kundenreferenzen und Kommentare von Immobilienmaklern in La Zenia, Orihuela Costa, Spanien, zu Alexander Pichlmayr. Finde heraus, was die Leute \u00fcber mich sagen.\" \/>\n<meta name=\"robots\" content=\"index, follow, max-snippet:-1, max-image-preview:large, max-video-preview:-1\" \/>\n<link rel=\"canonical\" href=\"https:\/\/alexanderpichlmayr.com\/de\/kundenreferenzen\/\" \/>\n<meta property=\"og:locale\" content=\"de_DE\" \/>\n<meta property=\"og:type\" content=\"article\" \/>\n<meta property=\"og:title\" content=\"Kundenreferenzen - Alexander Pichlmayr\" \/>\n<meta property=\"og:description\" content=\"Lesen Sie die Kundenreferenzen und Kommentare von Immobilienmaklern in La Zenia, Orihuela Costa, Spanien, zu Alexander Pichlmayr. Finde heraus, was die Leute \u00fcber mich sagen.\" \/>\n<meta property=\"og:url\" content=\"https:\/\/alexanderpichlmayr.com\/de\/kundenreferenzen\/\" \/>\n<meta property=\"og:site_name\" content=\"Alexander Pichlmayr\" \/>\n<meta property=\"article:publisher\" content=\"https:\/\/www.facebook.com\/alexander.pichlmayr\" \/>\n<meta property=\"article:modified_time\" content=\"2024-02-25T11:35:36+00:00\" \/>\n<meta name=\"twitter:card\" content=\"summary_large_image\" \/>\n<meta name=\"twitter:site\" content=\"@inmoinvestments\" \/>\n<meta name=\"twitter:label1\" content=\"Gesch\u00e4tzte Lesezeit\" \/>\n\t<meta name=\"twitter:data1\" content=\"1\u00a0Minute\" \/>\n<script type=\"application\/ld+json\" class=\"yoast-schema-graph\">{\"@context\":\"https:\\\/\\\/schema.org\",\"@graph\":[{\"@type\":\"WebPage\",\"@id\":\"https:\\\/\\\/alexanderpichlmayr.com\\\/de\\\/kundenreferenzen\\\/\",\"url\":\"https:\\\/\\\/alexanderpichlmayr.com\\\/de\\\/kundenreferenzen\\\/\",\"name\":\"Kundenreferenzen - Alexander Pichlmayr\",\"isPartOf\":{\"@id\":\"https:\\\/\\\/alexanderpichlmayr.com\\\/#website\"},\"datePublished\":\"2017-12-07T20:39:18+00:00\",\"dateModified\":\"2024-02-25T11:35:36+00:00\",\"description\":\"Lesen Sie die Kundenreferenzen und Kommentare von Immobilienmaklern in La Zenia, Orihuela Costa, Spanien, zu Alexander Pichlmayr. Finde heraus, was die Leute \u00fcber mich sagen.\",\"breadcrumb\":{\"@id\":\"https:\\\/\\\/alexanderpichlmayr.com\\\/de\\\/kundenreferenzen\\\/#breadcrumb\"},\"inLanguage\":\"de\",\"potentialAction\":[{\"@type\":\"ReadAction\",\"target\":[\"https:\\\/\\\/alexanderpichlmayr.com\\\/de\\\/kundenreferenzen\\\/\"]}]},{\"@type\":\"BreadcrumbList\",\"@id\":\"https:\\\/\\\/alexanderpichlmayr.com\\\/de\\\/kundenreferenzen\\\/#breadcrumb\",\"itemListElement\":[{\"@type\":\"ListItem\",\"position\":1,\"name\":\"Home\",\"item\":\"https:\\\/\\\/alexanderpichlmayr.com\\\/de\\\/\"},{\"@type\":\"ListItem\",\"position\":2,\"name\":\"Kundenreferenzen\"}]},{\"@type\":\"WebSite\",\"@id\":\"https:\\\/\\\/alexanderpichlmayr.com\\\/#website\",\"url\":\"https:\\\/\\\/alexanderpichlmayr.com\\\/\",\"name\":\"Alexander Pichlmayr\",\"description\":\"Your German real estate agent on the Costa Blanca, Spain\",\"publisher\":{\"@id\":\"https:\\\/\\\/alexanderpichlmayr.com\\\/#\\\/schema\\\/person\\\/94bd2fae5006f26aa031cc2229b0ef57\"},\"potentialAction\":[{\"@type\":\"SearchAction\",\"target\":{\"@type\":\"EntryPoint\",\"urlTemplate\":\"https:\\\/\\\/alexanderpichlmayr.com\\\/?s={search_term_string}\"},\"query-input\":{\"@type\":\"PropertyValueSpecification\",\"valueRequired\":true,\"valueName\":\"search_term_string\"}}],\"inLanguage\":\"de\"},{\"@type\":[\"Person\",\"Organization\"],\"@id\":\"https:\\\/\\\/alexanderpichlmayr.com\\\/#\\\/schema\\\/person\\\/94bd2fae5006f26aa031cc2229b0ef57\",\"name\":\"Alex Pichlmayr\",\"image\":{\"@type\":\"ImageObject\",\"inLanguage\":\"de\",\"@id\":\"https:\\\/\\\/alexanderpichlmayr.com\\\/wp-content\\\/uploads\\\/2019\\\/09\\\/IMG_5084_1080.jpg\",\"url\":\"https:\\\/\\\/alexanderpichlmayr.com\\\/wp-content\\\/uploads\\\/2019\\\/09\\\/IMG_5084_1080.jpg\",\"contentUrl\":\"https:\\\/\\\/alexanderpichlmayr.com\\\/wp-content\\\/uploads\\\/2019\\\/09\\\/IMG_5084_1080.jpg\",\"width\":1080,\"height\":1080,\"caption\":\"Alex Pichlmayr\"},\"logo\":{\"@id\":\"https:\\\/\\\/alexanderpichlmayr.com\\\/wp-content\\\/uploads\\\/2019\\\/09\\\/IMG_5084_1080.jpg\"},\"sameAs\":[\"https:\\\/\\\/www.facebook.com\\\/alexander.pichlmayr\",\"https:\\\/\\\/www.instagram.com\\\/alex.pmayr\\\/\",\"https:\\\/\\\/x.com\\\/inmoinvestments\",\"https:\\\/\\\/www.youtube.com\\\/user\\\/inmoinvestments\"]}]}<\/script>\n<!-- \/ Yoast SEO plugin. -->","yoast_head_json":{"title":"Kundenreferenzen - Alexander Pichlmayr","description":"Lesen Sie die Kundenreferenzen und Kommentare von Immobilienmaklern in La Zenia, Orihuela Costa, Spanien, zu Alexander Pichlmayr. Finde heraus, was die Leute \u00fcber mich sagen.","robots":{"index":"index","follow":"follow","max-snippet":"max-snippet:-1","max-image-preview":"max-image-preview:large","max-video-preview":"max-video-preview:-1"},"canonical":"https:\/\/alexanderpichlmayr.com\/de\/kundenreferenzen\/","og_locale":"de_DE","og_type":"article","og_title":"Kundenreferenzen - Alexander Pichlmayr","og_description":"Lesen Sie die Kundenreferenzen und Kommentare von Immobilienmaklern in La Zenia, Orihuela Costa, Spanien, zu Alexander Pichlmayr. Finde heraus, was die Leute \u00fcber mich sagen.","og_url":"https:\/\/alexanderpichlmayr.com\/de\/kundenreferenzen\/","og_site_name":"Alexander Pichlmayr","article_publisher":"https:\/\/www.facebook.com\/alexander.pichlmayr","article_modified_time":"2024-02-25T11:35:36+00:00","twitter_card":"summary_large_image","twitter_site":"@inmoinvestments","twitter_misc":{"Gesch\u00e4tzte Lesezeit":"1\u00a0Minute"},"schema":{"@context":"https:\/\/schema.org","@graph":[{"@type":"WebPage","@id":"https:\/\/alexanderpichlmayr.com\/de\/kundenreferenzen\/","url":"https:\/\/alexanderpichlmayr.com\/de\/kundenreferenzen\/","name":"Kundenreferenzen - Alexander Pichlmayr","isPartOf":{"@id":"https:\/\/alexanderpichlmayr.com\/#website"},"datePublished":"2017-12-07T20:39:18+00:00","dateModified":"2024-02-25T11:35:36+00:00","description":"Lesen Sie die Kundenreferenzen und Kommentare von Immobilienmaklern in La Zenia, Orihuela Costa, Spanien, zu Alexander Pichlmayr. Finde heraus, was die Leute \u00fcber mich sagen.","breadcrumb":{"@id":"https:\/\/alexanderpichlmayr.com\/de\/kundenreferenzen\/#breadcrumb"},"inLanguage":"de","potentialAction":[{"@type":"ReadAction","target":["https:\/\/alexanderpichlmayr.com\/de\/kundenreferenzen\/"]}]},{"@type":"BreadcrumbList","@id":"https:\/\/alexanderpichlmayr.com\/de\/kundenreferenzen\/#breadcrumb","itemListElement":[{"@type":"ListItem","position":1,"name":"Home","item":"https:\/\/alexanderpichlmayr.com\/de\/"},{"@type":"ListItem","position":2,"name":"Kundenreferenzen"}]},{"@type":"WebSite","@id":"https:\/\/alexanderpichlmayr.com\/#website","url":"https:\/\/alexanderpichlmayr.com\/","name":"Alexander Pichlmayr","description":"Your German real estate agent on the Costa Blanca, Spain","publisher":{"@id":"https:\/\/alexanderpichlmayr.com\/#\/schema\/person\/94bd2fae5006f26aa031cc2229b0ef57"},"potentialAction":[{"@type":"SearchAction","target":{"@type":"EntryPoint","urlTemplate":"https:\/\/alexanderpichlmayr.com\/?s={search_term_string}"},"query-input":{"@type":"PropertyValueSpecification","valueRequired":true,"valueName":"search_term_string"}}],"inLanguage":"de"},{"@type":["Person","Organization"],"@id":"https:\/\/alexanderpichlmayr.com\/#\/schema\/person\/94bd2fae5006f26aa031cc2229b0ef57","name":"Alex Pichlmayr","image":{"@type":"ImageObject","inLanguage":"de","@id":"https:\/\/alexanderpichlmayr.com\/wp-content\/uploads\/2019\/09\/IMG_5084_1080.jpg","url":"https:\/\/alexanderpichlmayr.com\/wp-content\/uploads\/2019\/09\/IMG_5084_1080.jpg","contentUrl":"https:\/\/alexanderpichlmayr.com\/wp-content\/uploads\/2019\/09\/IMG_5084_1080.jpg","width":1080,"height":1080,"caption":"Alex Pichlmayr"},"logo":{"@id":"https:\/\/alexanderpichlmayr.com\/wp-content\/uploads\/2019\/09\/IMG_5084_1080.jpg"},"sameAs":["https:\/\/www.facebook.com\/alexander.pichlmayr","https:\/\/www.instagram.com\/alex.pmayr\/","https:\/\/x.com\/inmoinvestments","https:\/\/www.youtube.com\/user\/inmoinvestments"]}]}},"_links":{"self":[{"href":"https:\/\/alexanderpichlmayr.com\/de\/wp-json\/wp\/v2\/pages\/708","targetHints":{"allow":["GET"]}}],"collection":[{"href":"https:\/\/alexanderpichlmayr.com\/de\/wp-json\/wp\/v2\/pages"}],"about":[{"href":"https:\/\/alexanderpichlmayr.com\/de\/wp-json\/wp\/v2\/types\/page"}],"author":[{"embeddable":true,"href":"https:\/\/alexanderpichlmayr.com\/de\/wp-json\/wp\/v2\/users\/1"}],"replies":[{"embeddable":true,"href":"https:\/\/alexanderpichlmayr.com\/de\/wp-json\/wp\/v2\/comments?post=708"}],"version-history":[{"count":5,"href":"https:\/\/alexanderpichlmayr.com\/de\/wp-json\/wp\/v2\/pages\/708\/revisions"}],"predecessor-version":[{"id":1169,"href":"https:\/\/alexanderpichlmayr.com\/de\/wp-json\/wp\/v2\/pages\/708\/revisions\/1169"}],"wp:attachment":[{"href":"https:\/\/alexanderpichlmayr.com\/de\/wp-json\/wp\/v2\/media?parent=708"}],"curies":[{"name":"wp","href":"https:\/\/api.w.org\/{rel}","templated":true}]}}